{"id":3680,"date":"2017-02-19T19:00:24","date_gmt":"2017-02-19T18:00:24","guid":{"rendered":"http:\/\/www.nouveau.cestmaplace.com\/?product=etui-de-passeport-avec-fermeture-eclair"},"modified":"2025-03-27T20:40:12","modified_gmt":"2025-03-28T01:40:12","slug":"etui-de-passeport-avec-fermeture-eclair","status":"publish","type":"product","link":"https:\/\/www.cestmaplace.com\/fr\/produit\/etui-de-passeport-avec-fermeture-eclair\/","title":{"rendered":"\u00c9tui de passeport Deluxe"},"content":{"rendered":"<p><\/p>\n<h1>\u00c9tui de passeport et<\/h1>\n<h1>documents de voyage : <span style=\"color: #ff00ff;\">39.99$<\/span><\/h1>\n<p>\u00c9tui en similicuir avec fermeture \u00e9clair de couleur noir avec pochette avant et compartiments int\u00e9rieurs pour ins\u00e9rer vos passeports et documents de voyage (Billet d&rsquo;avion &#8211; Cartes &#8211; Formulaire d\u2019immigration &#8211; Argent) avec \u00e9lastique sur le c\u00f4t\u00e9 pour ins\u00e9rer votre stylo.<\/p>\n<p>S\u00e9lectionnez votre image dans nos banques d&rsquo;images et inscrivez votre nom ou initiale de votre choix, utilisez le style de lettrage et la couleur d\u00e9sir\u00e9e afin de personnaliser votre propre \u00e9tui de passeport. \u00a0 \u00a0Soyez cr\u00e9atif !!!<\/p>\n<p>Id\u00e9al \u00e0 offrir en cadeau \u00e0 vos invit\u00e9s lors de vos voyages de groupe, mariage tropical ou m\u00eame cadeau d&rsquo;anniversaire.<\/p>\n<ul>\n<li>Mat\u00e9riaux similicuir<\/li>\n<li>Couleur noir<\/li>\n<li>\u00c0 fermeture \u00e9clair<\/li>\n<\/ul>\n<p>Informations sur le transport :<\/p>\n<ul>\n<li>Poids de l&#8217;emballage : 0.160 kg<\/li>\n<li>Hauteur de l&#8217;emballage : 24 cm<\/li>\n<li>Largeur de l&#8217;emballage : 12 cm<\/li>\n<li>\u00c9paisseur de l&#8217;emballage : 3 cm<\/li>\n<\/ul>\n<hr \/>\n<div><strong><em>10% \u00e0 l&rsquo;achat de 6 items ou plus<\/em><\/strong><\/div>\n<div><strong><em>15% \u00e0 l&rsquo;achat de 12 items ou plus<\/em><\/strong><\/div>\n<div><strong><em>20% \u00e0 l&rsquo;achat de 24 items ou plus<\/em><\/strong><\/div>\n<div><\/div>\n<div><\/div>\n<div>\t\t<a\t\t\t\thref=\"javascript:void(0)\"\n\t\t\t\tclass=\"sgpb-show-popup sgpb-popup-id-1\"\n\t\tdata-sgpbpopupid=\"1\"\n\t\tdata-popup-event=\"click\"\n\t\t>\n\t\t<\/div>\n<p><\/p>","protected":false},"excerpt":{"rendered":"<h1>\u00c9tui de passeport et<\/h1>\n<h1>documents de voyage : <span style=\"color: #ff00ff;\">39.99$<\/span><\/h1>\n<p>\u00c9tui en similicuir avec fermeture \u00e9clair de couleur noir avec pochette avant et compartiments int\u00e9rieurs pour ins\u00e9rer vos passeports et documents de voyage (Billet d&rsquo;avion &#8211; Cartes &#8211; Formulaire d\u2019immigration &#8211; Argent) avec \u00e9lastique sur le c\u00f4t\u00e9 pour ins\u00e9rer votre stylo.<\/p>\n<ul>\n<li>Mat\u00e9riaux similicuir<\/li>\n<li>Couleur noir<\/li>\n<li>\u00c0 fermeture \u00e9clair<\/li>\n<\/ul>\n<p>Informations sur le transport :<\/p>\n<ul>\n<li>Poids de l&#8217;emballage : 0.160 kg<\/li>\n<li>Hauteur de l&#8217;emballage : 24 cm<\/li>\n<li>Largeur de l&#8217;emballage : 12 cm<\/li>\n<li>\u00c9paisseur de l&#8217;emballage : 3 cm<\/li>\n<\/ul>\n<div><strong>Rabais de quantit\u00e9:<\/strong><\/div>\n<div><\/div>\n<div><strong><em>10% \u00e0 l&rsquo;achat de 6 items ou plus<\/em><\/strong><\/div>\n<div><strong><em>15% \u00e0 l&rsquo;achat de 12 items ou plus<\/em><\/strong><\/div>\n<div><strong><em>20% \u00e0 l&rsquo;achat de 24 items ou plus<\/em><\/strong><\/div>\n<div><\/div>\n<div>&#8212;&#8212;&#8212;&#8212;&#8212;&#8212;&#8212;&#8212;&#8212;&#8212;&#8212;&#8212;&#8212;&#8212;&#8212;&#8212;&#8212;&#8212;&#8212;&#8212;&#8212;&#8212;&#8212;&#8212;-<\/div>\n<div>\n<div><strong><span style=\"color: #000000;\">Voici une vid\u00e9o comment produire votre \u00c9tui de passeport !<\/span><\/strong><\/div>\n<div><strong><span style=\"color: #000000;\">(M\u00eame principe que les Marques-Places)<\/span><\/strong><\/div>\n<div><span style=\"color: #ff00ff;\">Du a la tailles et la qualit\u00e9 des images, lors d&rsquo;un d\u00e9placement (Agrandir ou Bouger)\u00a0un\u00a0\u00e9l\u00e9ment,<\/span><\/div>\n<div><span style=\"color: #ff00ff;\">SVP laisser quelques secondes au syst\u00e8me pour ce r\u00e9g\u00e9n\u00e9r\u00e9 !<\/span><\/div>\n<div><span style=\"color: #ff00ff;\">NB: Nous travaillons a optimis\u00e9 la vitesse !<\/span><\/div>\n<\/div>\n<p><iframe loading=\"lazy\" src=\"https:\/\/www.youtube.com\/embed\/j3wzk9kjw0Q?rel=0\" width=\"100%\" height=\"350\" frameborder=\"0\" allowfullscreen=\"allowfullscreen\"><\/iframe><\/p>\n","protected":false},"featured_media":3681,"comment_status":"open","ping_status":"closed","template":"","meta":[],"product_cat":[95],"product_tag":[],"_links":{"self":[{"href":"https:\/\/www.cestmaplace.com\/fr\/wp-json\/wp\/v2\/product\/3680"}],"collection":[{"href":"https:\/\/www.cestmaplace.com\/fr\/wp-json\/wp\/v2\/product"}],"about":[{"href":"https:\/\/www.cestmaplace.com\/fr\/wp-json\/wp\/v2\/types\/product"}],"replies":[{"embeddable":true,"href":"https:\/\/www.cestmaplace.com\/fr\/wp-json\/wp\/v2\/comments?post=3680"}],"wp:featuredmedia":[{"embeddable":true,"href":"https:\/\/www.cestmaplace.com\/fr\/wp-json\/wp\/v2\/media\/3681"}],"wp:attachment":[{"href":"https:\/\/www.cestmaplace.com\/fr\/wp-json\/wp\/v2\/media?parent=3680"}],"wp:term":[{"taxonomy":"product_cat","embeddable":true,"href":"https:\/\/www.cestmaplace.com\/fr\/wp-json\/wp\/v2\/product_cat?post=3680"},{"taxonomy":"product_tag","embeddable":true,"href":"https:\/\/www.cestmaplace.com\/fr\/wp-json\/wp\/v2\/product_tag?post=3680"}],"curies":[{"name":"wp","href":"https:\/\/api.w.org\/{rel}","templated":true}]}}