{"id":3405,"date":"2016-12-13T01:47:15","date_gmt":"2016-12-13T00:47:15","guid":{"rendered":"http:\/\/www.nouveau.cestmaplace.com\/?post_type=product&#038;p=3405"},"modified":"2025-08-20T20:33:55","modified_gmt":"2025-08-21T01:33:55","slug":"certificat-cadeau-2","status":"publish","type":"product","link":"https:\/\/www.cestmaplace.com\/fr\/produit\/certificat-cadeau-2\/","title":{"rendered":"Certificat cadeau"},"content":{"rendered":"<p><\/p>\n<h1>Certificat cadeau<\/h1>\n<p>vous chercher le cadeau id\u00e9al \u00e0 offrir \u00e0 vos proches alors offrez leurs un certificat cadeau \u00e9changeable contre un de nos produits personnalisables.<\/p>\n<p><a href=\"http:\/\/www.nouveau.cestmaplace.com\/?product=marque-place-fr\">Marque place<\/a><\/p>\n<p><a href=\"http:\/\/www.nouveau.cestmaplace.com\/?product=sac-de-plage\">Sac de plage\u00a0<\/a><\/p>\n<p><a href=\"http:\/\/www.nouveau.cestmaplace.com\/?product=etui-de-passeport\">\u00e9tui de passeport<\/a><\/p>\n<p>Certificat cadeau disponible au montant de:<\/p>\n<ul>\n<li>25$<\/li>\n<li>50$<\/li>\n<li>75$<\/li>\n<li>100$<\/li>\n<li>150$<\/li>\n<li>200$<\/li>\n<\/ul>\n<p><\/p>","protected":false},"excerpt":{"rendered":"<h1>Certificat cadeau<\/h1>\n<p>vous chercher le cadeau id\u00e9al \u00e0 offrir \u00e0 vos proches alors offrez leurs un certificat cadeau \u00e9changeable contre un de nos produits personnalisables.<\/p>\n<p><a href=\"http:\/\/www.nouveau.cestmaplace.com\/?product=marque-place-fr\">Marque place<\/a><\/p>\n<p><a href=\"http:\/\/www.nouveau.cestmaplace.com\/?product=sac-de-plage\">Sac de plage\u00a0<\/a><\/p>\n<p><a href=\"http:\/\/www.nouveau.cestmaplace.com\/?product=etui-de-passeport\">\u00e9tui de passeport<\/a><\/p>\n<p>Certificat cadeau disponible au montant de:<\/p>\n<ul>\n<li>25$<\/li>\n<li>50$<\/li>\n<li>75$<\/li>\n<li>100$<\/li>\n<li>150$<\/li>\n<li>200$<\/li>\n<\/ul>\n","protected":false},"featured_media":3650,"comment_status":"open","ping_status":"closed","template":"","meta":[],"product_cat":[87],"product_tag":[],"_links":{"self":[{"href":"https:\/\/www.cestmaplace.com\/fr\/wp-json\/wp\/v2\/product\/3405"}],"collection":[{"href":"https:\/\/www.cestmaplace.com\/fr\/wp-json\/wp\/v2\/product"}],"about":[{"href":"https:\/\/www.cestmaplace.com\/fr\/wp-json\/wp\/v2\/types\/product"}],"replies":[{"embeddable":true,"href":"https:\/\/www.cestmaplace.com\/fr\/wp-json\/wp\/v2\/comments?post=3405"}],"wp:featuredmedia":[{"embeddable":true,"href":"https:\/\/www.cestmaplace.com\/fr\/wp-json\/wp\/v2\/media\/3650"}],"wp:attachment":[{"href":"https:\/\/www.cestmaplace.com\/fr\/wp-json\/wp\/v2\/media?parent=3405"}],"wp:term":[{"taxonomy":"product_cat","embeddable":true,"href":"https:\/\/www.cestmaplace.com\/fr\/wp-json\/wp\/v2\/product_cat?post=3405"},{"taxonomy":"product_tag","embeddable":true,"href":"https:\/\/www.cestmaplace.com\/fr\/wp-json\/wp\/v2\/product_tag?post=3405"}],"curies":[{"name":"wp","href":"https:\/\/api.w.org\/{rel}","templated":true}]}}