{"id":251,"date":"2016-06-01T20:00:34","date_gmt":"2016-06-01T19:00:34","guid":{"rendered":"http:\/\/207.253.81.68\/?post_type=product&#038;p=251"},"modified":"2025-12-08T11:57:14","modified_gmt":"2025-12-08T16:57:14","slug":"sac-de-plage","status":"publish","type":"product","link":"https:\/\/www.cestmaplace.com\/fr\/produit\/sac-de-plage\/","title":{"rendered":"Sac de plage"},"content":{"rendered":"<p><\/p>\n<h1>Sac de plage :<span style=\"color: #000000;\"> 44.99$<\/span><\/h1>\n<h2><strong><span style=\"color: #ff0000;\">Personnalisable<\/span><\/strong><\/h2>\n<p>Sac de plage pour transporter vos produits et accessoires \u00e0 la plage ou \u00e0 la piscine lors de vos voyages dans le sud ou m\u00eame comme sac de tous les jours. Il se porte bien \u00e0 l&rsquo;\u00e9paule gr\u00e2ce \u00e0 ses grandes bandouli\u00e8res. Il est fait de polyester robuste 600D X 600D imperm\u00e9able. \u00a0Il poss\u00e8de une fermeture \u00e9clair et \u00e0 l&rsquo;int\u00e9rieur une petite pochette \u00e0 fermeture \u00e9clair.<\/p>\n<p>S\u00e9lectionnez vos images dans nos banques d&rsquo;images et inscrivez votre nom ou texte de votre choix, utilisez le style de lettrage et la couleur d\u00e9sir\u00e9e afin de personnaliser votre propre sac de plage. \u00a0 \u00a0Soyez cr\u00e9atif !!!<\/p>\n<p>Id\u00e9al \u00e0 offrir en cadeau \u00e0 vos invit\u00e9s lors de vos voyages de groupe, mariage tropical ou m\u00eame cadeau d&rsquo;anniversaire.<\/p>\n<ul>\n<li>Grandeur unique &#8211; couleur noir<\/li>\n<li>Sac pratique \u00e0 multiples utilit\u00e9s<\/li>\n<li>Grande ouverture avec\u00a0fermeture \u00e9clair<\/li>\n<li>Pochette int\u00e9rieur avec fermeture \u00e9clair<\/li>\n<li>Bien con\u00e7u pour porter \u00e0 l&rsquo;\u00e9paule avec ses grandes bandouli\u00e8res<\/li>\n<li>Imperm\u00e9able 600D X 600D polyester<\/li>\n<li>14.5 X 15 pouces (approx), base 17 X 6.5 pouces (approx)<\/li>\n<\/ul>\n<p><span style=\"line-height: 1.5;\">Informations sur le transport :<\/span><\/p>\n<ul>\n<li><span style=\"line-height: 1.5;\">Poids de l&#8217;emballage : 0.375 kg<\/span><\/li>\n<li><span style=\"line-height: 1.5;\">Hauteur de l&#8217;emballage : 52 cm<\/span><\/li>\n<li><span style=\"line-height: 1.5;\">Largeur de l&#8217;emballage : 40 cm<\/span><\/li>\n<li><span style=\"line-height: 1.5;\">\u00c9paisseur de l&#8217;emballage : 2 cm<\/span><\/li>\n<\/ul>\n<p><span style=\"line-height: 1.5;\">\u00a0<\/span><\/p>\n<hr \/>\n<div><strong><em>10% \u00e0 l&rsquo;achat de 6 items ou plus<\/em><\/strong><\/div>\n<div><strong><em>15% \u00e0 l&rsquo;achat de 12 items ou plus<\/em><\/strong><\/div>\n<div><strong><em>20% \u00e0 l&rsquo;achat de 24 items ou plus<\/em><\/strong><\/div>\n<div><\/div>\n<div><\/div>\n<p><\/p>","protected":false},"excerpt":{"rendered":"<h1>Sac de plage : <span style=\"color: #000000;\">44.99$<\/span><\/h1>\n<h2><strong><span style=\"color: #ff0000;\">Personnalisable<\/span><\/strong><\/h2>\n<p>Sac de plage pour transporter vos produits et accessoires \u00e0 la plage ou \u00e0 la piscine lors de vos voyages dans le sud ou m\u00eame comme sac de tous les jours. Il se porte bien \u00e0 l&rsquo;\u00e9paule gr\u00e2ce a ses grandes bandouli\u00e8res. Il est fait de polyester robuste 600D X 600D imperm\u00e9able. \u00a0Il poss\u00e8de une fermeture \u00e9clair et \u00e0 l&rsquo;int\u00e9rieur une petite pochette \u00e0 fermeture \u00e9clair.<\/p>\n<ul>\n<li>Grandeur unique &#8211; couleur noir<\/li>\n<li>Sac pratique \u00e0 multiples utilit\u00e9s<\/li>\n<li>Grande ouverture avec fermeture \u00e9clair<\/li>\n<li>Pochette int\u00e9rieur \u00e0 fermeture \u00e9clair<\/li>\n<li>Bien con\u00e7u pour porter a l&rsquo;\u00e9paule avec ses grandes bandouli\u00e8res<\/li>\n<li>Imperm\u00e9able 600D X 600D polyester<\/li>\n<li>14.5 X 15 pouces (approx), base 17 X 6.5 pouces (approx)<\/li>\n<\/ul>\n<p>Informations sur le transport :<\/p>\n<ul>\n<li>Poids de l&#8217;emballage : 0.375 kg<\/li>\n<li>Hauteur de l&#8217;emballage : 52 cm<\/li>\n<li>Largeur de l&#8217;emballage : 40 cm<\/li>\n<li>\u00c9paisseur de l&#8217;emballage : 2 cm<\/li>\n<\/ul>\n<hr \/>\n<div><strong>Rabais de quantit\u00e9:<\/strong><\/div>\n<div><\/div>\n<div><strong><em>10% \u00e0 l&rsquo;achat de 6 items ou plus<\/em><\/strong><\/div>\n<div><strong><em>15% \u00e0 l&rsquo;achat de 12 items ou plus<\/em><\/strong><\/div>\n<div><strong><em>20% \u00e0 l&rsquo;achat de 24 items ou plus<\/em><\/strong><\/div>\n<div><\/div>\n<div>\n<div>&#8212;&#8212;&#8212;&#8212;&#8212;&#8212;&#8212;&#8212;&#8212;&#8212;&#8212;&#8212;&#8212;&#8212;&#8212;&#8212;&#8212;&#8212;&#8212;&#8212;&#8212;&#8212;&#8212;&#8212;&#8212;&#8212;&#8212;&#8212;&#8212;&#8212;&#8212;&#8212;&#8212;&#8212;&#8212;&#8212;&#8211;<\/div>\n<div><strong><span style=\"color: #000000;\">Voici une vid\u00e9o comment produire votre Sac de plage ! <\/span><\/strong><\/div>\n<div><strong><span style=\"color: #000000;\">(M\u00eame principe que les Marques-Places)<\/span><\/strong><\/div>\n<div><span style=\"color: #ff00ff;\">Du a la tailles et la qualit\u00e9 des images, lors d&rsquo;un d\u00e9placement <\/span><\/div>\n<div><span style=\"color: #ff00ff;\">(Agrandir ou Bouger)\u00a0un\u00a0\u00e9l\u00e9ment,<\/span><\/div>\n<div><span style=\"color: #ff00ff;\">SVP laisser quelques secondes au syst\u00e8me pour ce r\u00e9g\u00e9n\u00e9r\u00e9 !<\/span><\/div>\n<div><span style=\"color: #ff00ff;\">NB: Nous travaillons a optimis\u00e9 la vitesse !<\/span><\/div>\n<\/div>\n<p><iframe loading=\"lazy\" src=\"https:\/\/www.youtube.com\/embed\/j3wzk9kjw0Q?rel=0\" width=\"100%\" height=\"350\" frameborder=\"0\" allowfullscreen=\"allowfullscreen\"><\/iframe><\/p>\n","protected":false},"featured_media":3649,"comment_status":"open","ping_status":"closed","template":"","meta":[],"product_cat":[93],"product_tag":[],"_links":{"self":[{"href":"https:\/\/www.cestmaplace.com\/fr\/wp-json\/wp\/v2\/product\/251"}],"collection":[{"href":"https:\/\/www.cestmaplace.com\/fr\/wp-json\/wp\/v2\/product"}],"about":[{"href":"https:\/\/www.cestmaplace.com\/fr\/wp-json\/wp\/v2\/types\/product"}],"replies":[{"embeddable":true,"href":"https:\/\/www.cestmaplace.com\/fr\/wp-json\/wp\/v2\/comments?post=251"}],"wp:featuredmedia":[{"embeddable":true,"href":"https:\/\/www.cestmaplace.com\/fr\/wp-json\/wp\/v2\/media\/3649"}],"wp:attachment":[{"href":"https:\/\/www.cestmaplace.com\/fr\/wp-json\/wp\/v2\/media?parent=251"}],"wp:term":[{"taxonomy":"product_cat","embeddable":true,"href":"https:\/\/www.cestmaplace.com\/fr\/wp-json\/wp\/v2\/product_cat?post=251"},{"taxonomy":"product_tag","embeddable":true,"href":"https:\/\/www.cestmaplace.com\/fr\/wp-json\/wp\/v2\/product_tag?post=251"}],"curies":[{"name":"wp","href":"https:\/\/api.w.org\/{rel}","templated":true}]}}