{"id":20006,"date":"2019-02-17T13:13:00","date_gmt":"2019-02-17T18:13:00","guid":{"rendered":"http:\/\/www.nouveau.cestmaplace.com\/?post_type=product&#038;p=20006"},"modified":"2021-08-22T21:39:04","modified_gmt":"2021-08-23T02:39:04","slug":"porte-verre-gonflable-licorne-copy","status":"publish","type":"product","link":"https:\/\/www.cestmaplace.com\/fr\/produit\/porte-verre-gonflable-licorne-copy\/","title":{"rendered":"Porte-verre gonflable:Palmier"},"content":{"rendered":"<p>Porte-verre gonflable<\/p>","protected":false},"excerpt":{"rendered":"<p>Vous d\u00e9sirez ajouter du plaisir entre amis lorsque vous \u00eates \u00e0 la piscine ! Alors procurez-vous un de nos pratique portes-verre gonflables.<\/p>\n","protected":false},"featured_media":4520,"comment_status":"open","ping_status":"closed","template":"","meta":[],"product_cat":[108,97],"product_tag":[],"_links":{"self":[{"href":"https:\/\/www.cestmaplace.com\/fr\/wp-json\/wp\/v2\/product\/20006"}],"collection":[{"href":"https:\/\/www.cestmaplace.com\/fr\/wp-json\/wp\/v2\/product"}],"about":[{"href":"https:\/\/www.cestmaplace.com\/fr\/wp-json\/wp\/v2\/types\/product"}],"replies":[{"embeddable":true,"href":"https:\/\/www.cestmaplace.com\/fr\/wp-json\/wp\/v2\/comments?post=20006"}],"wp:featuredmedia":[{"embeddable":true,"href":"https:\/\/www.cestmaplace.com\/fr\/wp-json\/wp\/v2\/media\/4520"}],"wp:attachment":[{"href":"https:\/\/www.cestmaplace.com\/fr\/wp-json\/wp\/v2\/media?parent=20006"}],"wp:term":[{"taxonomy":"product_cat","embeddable":true,"href":"https:\/\/www.cestmaplace.com\/fr\/wp-json\/wp\/v2\/product_cat?post=20006"},{"taxonomy":"product_tag","embeddable":true,"href":"https:\/\/www.cestmaplace.com\/fr\/wp-json\/wp\/v2\/product_tag?post=20006"}],"curies":[{"name":"wp","href":"https:\/\/api.w.org\/{rel}","templated":true}]}}