{"id":19890,"date":"2019-01-30T20:07:14","date_gmt":"2019-01-31T01:07:14","guid":{"rendered":"http:\/\/www.nouveau.cestmaplace.com\/?post_type=product&#038;p=19890"},"modified":"2025-11-23T11:51:41","modified_gmt":"2025-11-23T16:51:41","slug":"bandeau-soleil-boisson-cocunut","status":"publish","type":"product","link":"https:\/\/www.cestmaplace.com\/fr\/produit\/bandeau-soleil-boisson-cocunut\/","title":{"rendered":"Bandeau Soleil: Boisson coconut"},"content":{"rendered":"<p><\/p>\n<h1>Bandeau Soleil : <span style=\"color: #000000;\"><strong>29.99$<\/strong><\/span><\/h1>\n<h2><span style=\"color: #ff0000;\"><strong>N<\/strong><\/span><strong style=\"color: #ff0000;\">on personnalisable<\/strong><\/h2>\n<p>Le Bandeau Soleil permet aux voyageurs d&rsquo;identifier et de r\u00e9server leur chaise longue \u00e0 la piscine ou \u00e0 la plage lors de vos voyages tropicaux, seul, en couple ou en groupe, le Bandeau Soleil permet de localiser et de favoriser les \u00e9changes entre confr\u00e8res; en plus, il permet aussi de bien tenir en place votre serviette de plage sur votre chaise.<\/p>\n<p>En prime il vient avec un coussin confort gonflable que vous pouvez ins\u00e9rer \u00e0 l&rsquo;int\u00e9rieur\u00a0 !<\/p>\n<p>S\u00e9lectionnez le mod\u00e8le qui vous repr\u00e9sente le mieux\u00a0 parmi plus de 18 mod\u00e8les diff\u00e9rents.<\/p>\n<p><strong><span style=\"color: #ff00ff;\">Nos mod\u00e8les sont r\u00e9versibles , 1 c\u00f4t\u00e9 (C&rsquo;est ma place !) et 1 c\u00f4t\u00e9 (It&rsquo;s my place !)\u00a0<\/span><\/strong><\/p>\n<p>Id\u00e9al \u00e0 offrir en cadeau \u00e0 vos invit\u00e9s lors de vos voyages de groupe, mariage tropical ou m\u00eame cadeau d&rsquo;anniversaire.<\/p>\n<ul>\n<li>Voir nos mod\u00e8les<\/li>\n<li>\u00a0Bien con\u00e7u pour tenir votre serviette<\/li>\n<li>Grandeur 52 cm large X 28 cm long<\/li>\n<li>95%\u00a0 Polyester \/ 5% Spandex<\/li>\n<li><\/li>\n<li>Informations sur le transport :\n<ul>\n<li>Poids de l&#8217;emballage : 0.200 kg<\/li>\n<li>Hauteur de l&#8217;emballage : 30 cm<\/li>\n<li>Largeur de l&#8217;emballage : 20 cm<\/li>\n<li>\u00c9paisseur de l&#8217;emballage : 2 cm<\/li>\n<\/ul>\n<hr \/>\n<div><strong><em>10% \u00e0 l&rsquo;achat de 6 items ou plus<\/em><\/strong><\/div>\n<div><strong><em>15% \u00e0 l&rsquo;achat de 12 items ou plus<\/em><\/strong><\/div>\n<div><strong><em>20% \u00e0 l&rsquo;achat de 24 items ou plus<\/em><\/strong><\/div>\n<div><\/div>\n<div><\/div>\n<\/li>\n<\/ul>\n<div><\/div>\n<p><\/p>","protected":false},"excerpt":{"rendered":"<h1>Bandeau Soleil : <span style=\"color: #000000;\"><strong>29.99$<\/strong><\/span><\/h1>\n<h2><span style=\"color: #ff0000;\"><strong>N<\/strong><\/span><strong style=\"color: #ff0000;\">on personnalisable<\/strong><\/h2>\n<p>Le Bandeau Soleil permet aux voyageurs d&rsquo;identifier et de r\u00e9server leur chaise longue \u00e0 la piscine ou \u00e0 la plage lors de vos voyages tropicaux, seul, en couple ou en groupe, le Bandeau Soleil permet de localiser et de favoriser les \u00e9changes entre confr\u00e8res; en plus, il permet aussi de bien tenir en place votre serviette de plage sur votre chaise.<\/p>\n<p>En prime il vient avec un coussin confort gonflable que vous pouvez ins\u00e9rer \u00e0 l&rsquo;int\u00e9rieur\u00a0 !<\/p>\n<p>S\u00e9lectionnez le mod\u00e8le qui vous repr\u00e9sente le mieux\u00a0 parmi plus de 18 mod\u00e8les diff\u00e9rents.<\/p>\n<p><strong><span style=\"color: #ff00ff;\">Nos mod\u00e8les sont r\u00e9versibles , 1 c\u00f4t\u00e9 (C&rsquo;est ma place !) et 1 c\u00f4t\u00e9 (It&rsquo;s my place !)\u00a0<\/span><\/strong><\/p>\n<p>Id\u00e9al \u00e0 offrir en cadeau \u00e0 vos invit\u00e9s lors de vos voyages de groupe, mariage tropical ou m\u00eame cadeau d&rsquo;anniversaire.<\/p>\n<div><\/div>\n","protected":false},"featured_media":19981,"comment_status":"open","ping_status":"closed","template":"","meta":[],"product_cat":[109],"product_tag":[],"_links":{"self":[{"href":"https:\/\/www.cestmaplace.com\/fr\/wp-json\/wp\/v2\/product\/19890"}],"collection":[{"href":"https:\/\/www.cestmaplace.com\/fr\/wp-json\/wp\/v2\/product"}],"about":[{"href":"https:\/\/www.cestmaplace.com\/fr\/wp-json\/wp\/v2\/types\/product"}],"replies":[{"embeddable":true,"href":"https:\/\/www.cestmaplace.com\/fr\/wp-json\/wp\/v2\/comments?post=19890"}],"wp:featuredmedia":[{"embeddable":true,"href":"https:\/\/www.cestmaplace.com\/fr\/wp-json\/wp\/v2\/media\/19981"}],"wp:attachment":[{"href":"https:\/\/www.cestmaplace.com\/fr\/wp-json\/wp\/v2\/media?parent=19890"}],"wp:term":[{"taxonomy":"product_cat","embeddable":true,"href":"https:\/\/www.cestmaplace.com\/fr\/wp-json\/wp\/v2\/product_cat?post=19890"},{"taxonomy":"product_tag","embeddable":true,"href":"https:\/\/www.cestmaplace.com\/fr\/wp-json\/wp\/v2\/product_tag?post=19890"}],"curies":[{"name":"wp","href":"https:\/\/api.w.org\/{rel}","templated":true}]}}