{"id":8,"date":"2016-04-27T18:40:19","date_gmt":"2016-04-27T17:40:19","guid":{"rendered":"http:\/\/207.253.81.68\/index.php\/panier\/"},"modified":"2017-12-10T04:19:22","modified_gmt":"2017-12-10T03:19:22","slug":"panier","status":"publish","type":"page","link":"https:\/\/www.cestmaplace.com\/fr\/panier\/","title":{"rendered":"Panier"},"content":{"rendered":"<p>UA-104023946-1<\/p>\n<div>\n<div>\n<div><strong><em>10% \u00e0 l&rsquo;achat de 6 items ou plus<\/em><\/strong><\/div>\n<div><strong><em>15% \u00e0 l&rsquo;achat de 12 items ou plus<\/em><\/strong><\/div>\n<div><strong><em>20% \u00e0 l&rsquo;achat de 24 items ou plus<\/em><\/strong><\/div>\n<\/div>\n<div><\/div>\n<\/div>\n<div><\/div>\n<div><\/div>\n<div><\/div>\n<div>\n<div><strong><em>10% \u00e0 l&rsquo;achat de 6 items ou plus<\/em><\/strong><\/div>\n<div><strong><em>15% \u00e0 l&rsquo;achat de 12 items ou plus<\/em><\/strong><\/div>\n<div><strong><em>20% \u00e0 l&rsquo;achat de 24 items ou plus<\/em><\/strong><\/div>\n<div><\/div>\n<div><\/div>\n<\/div>\n<p>&nbsp;<\/p>","protected":false},"excerpt":{"rendered":"<p>UA-104023946-1 10% \u00e0 l&rsquo;achat de 6 items ou plus 15% \u00e0 l&rsquo;achat de 12 items ou plus 20% \u00e0 l&rsquo;achat de 24 items ou plus 10% \u00e0 l&rsquo;achat de 6 items ou plus 15% \u00e0 l&rsquo;achat de 12 items ou plus 20% \u00e0 l&rsquo;achat de 24 items ou plus &nbsp;<\/p>\n","protected":false},"author":4,"featured_media":0,"parent":0,"menu_order":0,"comment_status":"closed","ping_status":"closed","template":"","meta":[],"_links":{"self":[{"href":"https:\/\/www.cestmaplace.com\/fr\/wp-json\/wp\/v2\/pages\/8"}],"collection":[{"href":"https:\/\/www.cestmaplace.com\/fr\/wp-json\/wp\/v2\/pages"}],"about":[{"href":"https:\/\/www.cestmaplace.com\/fr\/wp-json\/wp\/v2\/types\/page"}],"author":[{"embeddable":true,"href":"https:\/\/www.cestmaplace.com\/fr\/wp-json\/wp\/v2\/users\/4"}],"replies":[{"embeddable":true,"href":"https:\/\/www.cestmaplace.com\/fr\/wp-json\/wp\/v2\/comments?post=8"}],"version-history":[{"count":19,"href":"https:\/\/www.cestmaplace.com\/fr\/wp-json\/wp\/v2\/pages\/8\/revisions"}],"predecessor-version":[{"id":4406,"href":"https:\/\/www.cestmaplace.com\/fr\/wp-json\/wp\/v2\/pages\/8\/revisions\/4406"}],"wp:attachment":[{"href":"https:\/\/www.cestmaplace.com\/fr\/wp-json\/wp\/v2\/media?parent=8"}],"curies":[{"name":"wp","href":"https:\/\/api.w.org\/{rel}","templated":true}]}}